{"id":1655,"date":"2020-06-04T13:32:03","date_gmt":"2020-06-04T13:32:03","guid":{"rendered":"http:\/\/www.citmapri.gob.cu\/?page_id=1655"},"modified":"2020-06-04T14:02:34","modified_gmt":"2020-06-04T14:02:34","slug":"citmatel","status":"publish","type":"page","link":"http:\/\/www.citmapri.gob.cu\/?page_id=1655","title":{"rendered":"CITMATEL"},"content":{"rendered":"\t\t<div data-elementor-type=\"wp-page\" data-elementor-id=\"1655\" class=\"elementor elementor-1655\" data-elementor-post-type=\"page\">\n\t\t\t\t\t\t<section class=\"elementor-section elementor-top-section elementor-element elementor-element-a9533fa elementor-section-boxed elementor-section-height-default elementor-section-height-default\" data-id=\"a9533fa\" data-element_type=\"section\" data-settings=\"{&quot;background_background&quot;:&quot;classic&quot;}\">\n\t\t\t\t\t\t\t<div class=\"elementor-background-overlay\"><\/div>\n\t\t\t\t\t\t\t<div class=\"elementor-container elementor-column-gap-default\">\n\t\t\t\t\t<div class=\"elementor-column elementor-col-100 elementor-top-column elementor-element elementor-element-9261929\" data-id=\"9261929\" data-element_type=\"column\" data-settings=\"{&quot;background_background&quot;:&quot;classic&quot;}\">\n\t\t\t<div class=\"elementor-widget-wrap elementor-element-populated\">\n\t\t\t\t\t\t<div class=\"elementor-element elementor-element-1388f05 elementor-widget elementor-widget-spacer\" data-id=\"1388f05\" data-element_type=\"widget\" data-widget_type=\"spacer.default\">\n\t\t\t\t<div class=\"elementor-widget-container\">\n\t\t\t\t\t\t\t<div class=\"elementor-spacer\">\n\t\t\t<div class=\"elementor-spacer-inner\"><\/div>\n\t\t<\/div>\n\t\t\t\t\t\t<\/div>\n\t\t\t\t<\/div>\n\t\t\t\t<div class=\"elementor-element elementor-element-3198196 elementor-widget elementor-widget-heading\" data-id=\"3198196\" data-element_type=\"widget\" data-widget_type=\"heading.default\">\n\t\t\t\t<div class=\"elementor-widget-container\">\n\t\t\t\t\t<h1 class=\"elementor-heading-title elementor-size-default\">Empresa de Tecnolog\u00edas de la Informaci\u00f3n y Servicios Telem\u00e1ticos (CITMATEL) <\/h1>\t\t\t\t<\/div>\n\t\t\t\t<\/div>\n\t\t\t\t<div class=\"elementor-element elementor-element-db9fcdf elementor-widget elementor-widget-spacer\" data-id=\"db9fcdf\" data-element_type=\"widget\" data-widget_type=\"spacer.default\">\n\t\t\t\t<div class=\"elementor-widget-container\">\n\t\t\t\t\t\t\t<div class=\"elementor-spacer\">\n\t\t\t<div class=\"elementor-spacer-inner\"><\/div>\n\t\t<\/div>\n\t\t\t\t\t\t<\/div>\n\t\t\t\t<\/div>\n\t\t\t\t\t<\/div>\n\t\t<\/div>\n\t\t\t\t\t<\/div>\n\t\t<\/section>\n\t\t\t\t<section class=\"elementor-section elementor-top-section elementor-element elementor-element-fbddf2d elementor-section-content-bottom elementor-section-boxed elementor-section-height-default elementor-section-height-default\" data-id=\"fbddf2d\" data-element_type=\"section\">\n\t\t\t\t\t\t<div class=\"elementor-container elementor-column-gap-default\">\n\t\t\t\t\t<div class=\"elementor-column elementor-col-50 elementor-top-column elementor-element elementor-element-6716529\" data-id=\"6716529\" data-element_type=\"column\">\n\t\t\t<div class=\"elementor-widget-wrap elementor-element-populated\">\n\t\t\t\t\t\t<div class=\"elementor-element elementor-element-5dd7478 elementor-widget elementor-widget-heading\" data-id=\"5dd7478\" data-element_type=\"widget\" data-widget_type=\"heading.default\">\n\t\t\t\t<div class=\"elementor-widget-container\">\n\t\t\t\t\t<h2 class=\"elementor-heading-title elementor-size-default\">Datos de la Entidad<\/h2>\t\t\t\t<\/div>\n\t\t\t\t<\/div>\n\t\t\t\t<div class=\"elementor-element elementor-element-868b017 elementor-widget elementor-widget-text-editor\" data-id=\"868b017\" data-element_type=\"widget\" data-widget_type=\"text-editor.default\">\n\t\t\t\t<div class=\"elementor-widget-container\">\n\t\t\t\t\t\t\t\t\t<p><strong>Nombre<\/strong>:\u00a0<span style=\"color: #222222; font-family: Verdana, Geneva, sans-serif; font-size: 15px; font-style: normal; font-weight: 400;\">CEmpresa de Tecgonol\u00edas de la Informaci\u00f3n y Servicios Telem\u00e1ticos (CITMATEL) <\/span><br \/><strong>Domicilio Legal<\/strong>: <span style=\"color: #222222; font-family: Verdana, Geneva, sans-serif;\"><span style=\"font-size: 15px;\">Calle Mart\u00ed #25A % Isabel Rubio y Gerardo Medina, Pinar del R\u00edo<\/span><\/span><\/p><p><strong>Fecha de Creada:<\/strong>\u00a028 de cotubre del 1999 por la Resoluci\u00f3n No. 91 del Ministerio de Ciencia, Tecnolog\u00eda y Medio Ambiente<\/p>\t\t\t\t\t\t\t\t<\/div>\n\t\t\t\t<\/div>\n\t\t\t\t\t<\/div>\n\t\t<\/div>\n\t\t\t\t<div class=\"elementor-column elementor-col-50 elementor-top-column elementor-element elementor-element-82c5f6b\" data-id=\"82c5f6b\" data-element_type=\"column\">\n\t\t\t<div class=\"elementor-widget-wrap elementor-element-populated\">\n\t\t\t\t\t\t<div class=\"elementor-element elementor-element-6de82cd elementor-widget elementor-widget-image\" data-id=\"6de82cd\" data-element_type=\"widget\" data-widget_type=\"image.default\">\n\t\t\t\t<div class=\"elementor-widget-container\">\n\t\t\t\t\t\t\t\t\t\t\t\t\t\t\t<img fetchpriority=\"high\" decoding=\"async\" width=\"295\" height=\"291\" src=\"http:\/\/www.citmapri.gob.cu\/wp-content\/uploads\/2020\/06\/Tomas-CITMATEL.jpg\" class=\"attachment-full size-full wp-image-1535\" alt=\"\" \/>\t\t\t\t\t\t\t\t\t\t\t\t\t\t\t<\/div>\n\t\t\t\t<\/div>\n\t\t\t\t<div class=\"elementor-element elementor-element-afbe909 elementor-widget elementor-widget-heading\" data-id=\"afbe909\" data-element_type=\"widget\" data-widget_type=\"heading.default\">\n\t\t\t\t<div class=\"elementor-widget-container\">\n\t\t\t\t\t<h2 class=\"elementor-heading-title elementor-size-default\">Tom\u00e1s Amor Soto <br>Director<\/h2>\t\t\t\t<\/div>\n\t\t\t\t<\/div>\n\t\t\t\t\t<\/div>\n\t\t<\/div>\n\t\t\t\t\t<\/div>\n\t\t<\/section>\n\t\t\t\t<section class=\"elementor-section elementor-top-section elementor-element elementor-element-b44bf9f elementor-section-boxed elementor-section-height-default elementor-section-height-default\" data-id=\"b44bf9f\" data-element_type=\"section\" data-settings=\"{&quot;background_background&quot;:&quot;classic&quot;}\">\n\t\t\t\t\t\t<div class=\"elementor-container elementor-column-gap-default\">\n\t\t\t\t\t<div class=\"elementor-column elementor-col-100 elementor-top-column elementor-element elementor-element-6b72349\" data-id=\"6b72349\" data-element_type=\"column\">\n\t\t\t<div class=\"elementor-widget-wrap elementor-element-populated\">\n\t\t\t\t\t\t<section class=\"elementor-section elementor-inner-section elementor-element elementor-element-4ba607e elementor-section-boxed elementor-section-height-default elementor-section-height-default\" data-id=\"4ba607e\" data-element_type=\"section\" data-settings=\"{&quot;background_background&quot;:&quot;classic&quot;}\">\n\t\t\t\t\t\t<div class=\"elementor-container elementor-column-gap-default\">\n\t\t\t\t\t<div class=\"elementor-column elementor-col-100 elementor-inner-column elementor-element elementor-element-c00fd0b\" data-id=\"c00fd0b\" data-element_type=\"column\">\n\t\t\t<div class=\"elementor-widget-wrap elementor-element-populated\">\n\t\t\t\t\t\t<div class=\"elementor-element elementor-element-a928b04 elementor-widget elementor-widget-heading\" data-id=\"a928b04\" data-element_type=\"widget\" data-widget_type=\"heading.default\">\n\t\t\t\t<div class=\"elementor-widget-container\">\n\t\t\t\t\t<h2 class=\"elementor-heading-title elementor-size-default\">S\u00edntesis<\/h2>\t\t\t\t<\/div>\n\t\t\t\t<\/div>\n\t\t\t\t<div class=\"elementor-element elementor-element-01bb34d elementor-widget elementor-widget-text-editor\" data-id=\"01bb34d\" data-element_type=\"widget\" data-widget_type=\"text-editor.default\">\n\t\t\t\t<div class=\"elementor-widget-container\">\n\t\t\t\t\t\t\t\t\t<p class=\"MsoNormal\" style=\"text-align: justify;\"><span style=\"font-size: 14.0pt; line-height: 107%; mso-bidi-font-family: Calibri; mso-bidi-theme-font: minor-latin; color: #646464; background: white;\">Somos la representaci\u00f3n de CITMATEL en la Provincia de Pinar del R\u00edo, la Empresa de Tecnolog\u00edas de la Informaci\u00f3n y Servicios Telem\u00e1ticos Avanzados, que se distingue, entre las entidades cubanas similares, por su excelencia y creciente proyecci\u00f3n hacia el mercado externo e interno con una amplia diversidad de productos y servicios integrales de alto valor agregado siempre satisfaciendo las necesidades de los clientes.<\/span><\/p>\t\t\t\t\t\t\t\t<\/div>\n\t\t\t\t<\/div>\n\t\t\t\t\t<\/div>\n\t\t<\/div>\n\t\t\t\t\t<\/div>\n\t\t<\/section>\n\t\t\t\t\t<\/div>\n\t\t<\/div>\n\t\t\t\t\t<\/div>\n\t\t<\/section>\n\t\t\t\t<section class=\"elementor-section elementor-top-section elementor-element elementor-element-349e324 elementor-section-boxed elementor-section-height-default elementor-section-height-default\" data-id=\"349e324\" data-element_type=\"section\" data-settings=\"{&quot;background_background&quot;:&quot;classic&quot;}\">\n\t\t\t\t\t\t<div class=\"elementor-container elementor-column-gap-default\">\n\t\t\t\t\t<div class=\"elementor-column elementor-col-100 elementor-top-column elementor-element elementor-element-defc2cd\" data-id=\"defc2cd\" data-element_type=\"column\">\n\t\t\t<div class=\"elementor-widget-wrap\">\n\t\t\t\t\t\t\t<\/div>\n\t\t<\/div>\n\t\t\t\t\t<\/div>\n\t\t<\/section>\n\t\t\t\t<\/div>\n\t\t","protected":false},"excerpt":{"rendered":"<p>Empresa de Tecnolog\u00edas de la Informaci\u00f3n y Servicios Telem\u00e1ticos (CITMATEL) Datos de la Entidad Nombre:\u00a0CEmpresa de Tecgonol\u00edas de la Informaci\u00f3n y Servicios Telem\u00e1ticos (CITMATEL) Domicilio Legal: Calle Mart\u00ed #25A % Isabel Rubio y Gerardo Medina, Pinar del R\u00edo Fecha de Creada:\u00a028 de cotubre del 1999 por la Resoluci\u00f3n No. 91 del Ministerio de Ciencia, Tecnolog\u00eda &hellip;<\/p>\n<p class=\"read-more\"> <a class=\"\" href=\"http:\/\/www.citmapri.gob.cu\/?page_id=1655\"> <span class=\"screen-reader-text\">CITMATEL<\/span> Read More \u00bb<\/a><\/p>\n","protected":false},"author":1,"featured_media":0,"parent":0,"menu_order":0,"comment_status":"closed","ping_status":"closed","template":"","meta":{"site-sidebar-layout":"no-sidebar","site-content-layout":"page-builder","ast-global-header-display":"","ast-main-header-display":"","ast-hfb-above-header-display":"","ast-hfb-below-header-display":"","ast-hfb-mobile-header-display":"","site-post-title":"disabled","ast-breadcrumbs-content":"","ast-featured-img":"disabled","footer-sml-layout":"","theme-transparent-header-meta":"default","adv-header-id-meta":"","stick-header-meta":"default","header-above-stick-meta":null,"header-main-stick-meta":"","header-below-stick-meta":null,"_glsr_average":0,"_glsr_ranking":0,"_glsr_reviews":0,"footnotes":""},"class_list":["post-1655","page","type-page","status-publish","hentry"],"yoast_head":"<!-- This site is optimized with the Yoast SEO plugin v27.5 - https:\/\/yoast.com\/product\/yoast-seo-wordpress\/ -->\n<title>CITMATEL - CITMA PINAR DEL R\u00cdO<\/title>\n<meta name=\"robots\" content=\"index, follow, max-snippet:-1, max-image-preview:large, max-video-preview:-1\" \/>\n<link rel=\"canonical\" href=\"http:\/\/www.citmapri.gob.cu\/?page_id=1655\" \/>\n<meta property=\"og:locale\" content=\"es_ES\" \/>\n<meta property=\"og:type\" content=\"article\" \/>\n<meta property=\"og:title\" content=\"CITMATEL - CITMA PINAR DEL R\u00cdO\" \/>\n<meta property=\"og:description\" content=\"Empresa de Tecnolog\u00edas de la Informaci\u00f3n y Servicios Telem\u00e1ticos (CITMATEL) Datos de la Entidad Nombre:\u00a0CEmpresa de Tecgonol\u00edas de la Informaci\u00f3n y Servicios Telem\u00e1ticos (CITMATEL) Domicilio Legal: Calle Mart\u00ed #25A % Isabel Rubio y Gerardo Medina, Pinar del R\u00edo Fecha de Creada:\u00a028 de cotubre del 1999 por la Resoluci\u00f3n No. 91 del Ministerio de Ciencia, Tecnolog\u00eda &hellip; CITMATEL Read More \u00bb\" \/>\n<meta property=\"og:url\" content=\"http:\/\/www.citmapri.gob.cu\/?page_id=1655\" \/>\n<meta property=\"og:site_name\" content=\"CITMA PINAR DEL R\u00cdO\" \/>\n<meta property=\"article:publisher\" content=\"https:\/\/www.facebook.com\/citmapr\" \/>\n<meta property=\"article:modified_time\" content=\"2020-06-04T14:02:34+00:00\" \/>\n<meta property=\"og:image\" content=\"http:\/\/www.citmapri.gob.cu\/wp-content\/uploads\/2020\/06\/Tomas-CITMATEL.jpg\" \/>\n<meta name=\"twitter:card\" content=\"summary_large_image\" \/>\n<meta name=\"twitter:label1\" content=\"Tiempo de lectura\" \/>\n\t<meta name=\"twitter:data1\" content=\"1 minuto\" \/>\n<script type=\"application\/ld+json\" class=\"yoast-schema-graph\">{\"@context\":\"https:\\\/\\\/schema.org\",\"@graph\":[{\"@type\":\"WebPage\",\"@id\":\"http:\\\/\\\/www.citmapri.gob.cu\\\/?page_id=1655\",\"url\":\"http:\\\/\\\/www.citmapri.gob.cu\\\/?page_id=1655\",\"name\":\"CITMATEL - CITMA PINAR DEL R\u00cdO\",\"isPartOf\":{\"@id\":\"http:\\\/\\\/www.citmapri.gob.cu\\\/#website\"},\"primaryImageOfPage\":{\"@id\":\"http:\\\/\\\/www.citmapri.gob.cu\\\/?page_id=1655#primaryimage\"},\"image\":{\"@id\":\"http:\\\/\\\/www.citmapri.gob.cu\\\/?page_id=1655#primaryimage\"},\"thumbnailUrl\":\"http:\\\/\\\/www.citmapri.gob.cu\\\/wp-content\\\/uploads\\\/2020\\\/06\\\/Tomas-CITMATEL.jpg\",\"datePublished\":\"2020-06-04T13:32:03+00:00\",\"dateModified\":\"2020-06-04T14:02:34+00:00\",\"breadcrumb\":{\"@id\":\"http:\\\/\\\/www.citmapri.gob.cu\\\/?page_id=1655#breadcrumb\"},\"inLanguage\":\"es\",\"potentialAction\":[{\"@type\":\"ReadAction\",\"target\":[\"http:\\\/\\\/www.citmapri.gob.cu\\\/?page_id=1655\"]}]},{\"@type\":\"ImageObject\",\"inLanguage\":\"es\",\"@id\":\"http:\\\/\\\/www.citmapri.gob.cu\\\/?page_id=1655#primaryimage\",\"url\":\"http:\\\/\\\/www.citmapri.gob.cu\\\/wp-content\\\/uploads\\\/2020\\\/06\\\/Tomas-CITMATEL.jpg\",\"contentUrl\":\"http:\\\/\\\/www.citmapri.gob.cu\\\/wp-content\\\/uploads\\\/2020\\\/06\\\/Tomas-CITMATEL.jpg\",\"width\":295,\"height\":291},{\"@type\":\"BreadcrumbList\",\"@id\":\"http:\\\/\\\/www.citmapri.gob.cu\\\/?page_id=1655#breadcrumb\",\"itemListElement\":[{\"@type\":\"ListItem\",\"position\":1,\"name\":\"Portada\",\"item\":\"http:\\\/\\\/www.citmapri.gob.cu\\\/\"},{\"@type\":\"ListItem\",\"position\":2,\"name\":\"CITMATEL\"}]},{\"@type\":\"WebSite\",\"@id\":\"http:\\\/\\\/www.citmapri.gob.cu\\\/#website\",\"url\":\"http:\\\/\\\/www.citmapri.gob.cu\\\/\",\"name\":\"CITMA PINAR DEL R\u00cdO\",\"description\":\"DELEGACI\u00d3N TERRITORIAL\",\"publisher\":{\"@id\":\"http:\\\/\\\/www.citmapri.gob.cu\\\/#organization\"},\"potentialAction\":[{\"@type\":\"SearchAction\",\"target\":{\"@type\":\"EntryPoint\",\"urlTemplate\":\"http:\\\/\\\/www.citmapri.gob.cu\\\/?s={search_term_string}\"},\"query-input\":{\"@type\":\"PropertyValueSpecification\",\"valueRequired\":true,\"valueName\":\"search_term_string\"}}],\"inLanguage\":\"es\"},{\"@type\":\"Organization\",\"@id\":\"http:\\\/\\\/www.citmapri.gob.cu\\\/#organization\",\"name\":\"CITMA PINAR DEL R\u00cdO\",\"url\":\"http:\\\/\\\/www.citmapri.gob.cu\\\/\",\"logo\":{\"@type\":\"ImageObject\",\"inLanguage\":\"es\",\"@id\":\"http:\\\/\\\/www.citmapri.gob.cu\\\/#\\\/schema\\\/logo\\\/image\\\/\",\"url\":\"http:\\\/\\\/www.citmapri.gob.cu\\\/wp-content\\\/uploads\\\/2019\\\/11\\\/citmapri-logo-cuba.png\",\"contentUrl\":\"http:\\\/\\\/www.citmapri.gob.cu\\\/wp-content\\\/uploads\\\/2019\\\/11\\\/citmapri-logo-cuba.png\",\"width\":233,\"height\":80,\"caption\":\"CITMA PINAR DEL R\u00cdO\"},\"image\":{\"@id\":\"http:\\\/\\\/www.citmapri.gob.cu\\\/#\\\/schema\\\/logo\\\/image\\\/\"},\"sameAs\":[\"https:\\\/\\\/www.facebook.com\\\/citmapr\"]}]}<\/script>\n<!-- \/ Yoast SEO plugin. -->","yoast_head_json":{"title":"CITMATEL - CITMA PINAR DEL R\u00cdO","robots":{"index":"index","follow":"follow","max-snippet":"max-snippet:-1","max-image-preview":"max-image-preview:large","max-video-preview":"max-video-preview:-1"},"canonical":"http:\/\/www.citmapri.gob.cu\/?page_id=1655","og_locale":"es_ES","og_type":"article","og_title":"CITMATEL - CITMA PINAR DEL R\u00cdO","og_description":"Empresa de Tecnolog\u00edas de la Informaci\u00f3n y Servicios Telem\u00e1ticos (CITMATEL) Datos de la Entidad Nombre:\u00a0CEmpresa de Tecgonol\u00edas de la Informaci\u00f3n y Servicios Telem\u00e1ticos (CITMATEL) Domicilio Legal: Calle Mart\u00ed #25A % Isabel Rubio y Gerardo Medina, Pinar del R\u00edo Fecha de Creada:\u00a028 de cotubre del 1999 por la Resoluci\u00f3n No. 91 del Ministerio de Ciencia, Tecnolog\u00eda &hellip; CITMATEL Read More \u00bb","og_url":"http:\/\/www.citmapri.gob.cu\/?page_id=1655","og_site_name":"CITMA PINAR DEL R\u00cdO","article_publisher":"https:\/\/www.facebook.com\/citmapr","article_modified_time":"2020-06-04T14:02:34+00:00","og_image":[{"url":"http:\/\/www.citmapri.gob.cu\/wp-content\/uploads\/2020\/06\/Tomas-CITMATEL.jpg","type":"","width":"","height":""}],"twitter_card":"summary_large_image","twitter_misc":{"Tiempo de lectura":"1 minuto"},"schema":{"@context":"https:\/\/schema.org","@graph":[{"@type":"WebPage","@id":"http:\/\/www.citmapri.gob.cu\/?page_id=1655","url":"http:\/\/www.citmapri.gob.cu\/?page_id=1655","name":"CITMATEL - CITMA PINAR DEL R\u00cdO","isPartOf":{"@id":"http:\/\/www.citmapri.gob.cu\/#website"},"primaryImageOfPage":{"@id":"http:\/\/www.citmapri.gob.cu\/?page_id=1655#primaryimage"},"image":{"@id":"http:\/\/www.citmapri.gob.cu\/?page_id=1655#primaryimage"},"thumbnailUrl":"http:\/\/www.citmapri.gob.cu\/wp-content\/uploads\/2020\/06\/Tomas-CITMATEL.jpg","datePublished":"2020-06-04T13:32:03+00:00","dateModified":"2020-06-04T14:02:34+00:00","breadcrumb":{"@id":"http:\/\/www.citmapri.gob.cu\/?page_id=1655#breadcrumb"},"inLanguage":"es","potentialAction":[{"@type":"ReadAction","target":["http:\/\/www.citmapri.gob.cu\/?page_id=1655"]}]},{"@type":"ImageObject","inLanguage":"es","@id":"http:\/\/www.citmapri.gob.cu\/?page_id=1655#primaryimage","url":"http:\/\/www.citmapri.gob.cu\/wp-content\/uploads\/2020\/06\/Tomas-CITMATEL.jpg","contentUrl":"http:\/\/www.citmapri.gob.cu\/wp-content\/uploads\/2020\/06\/Tomas-CITMATEL.jpg","width":295,"height":291},{"@type":"BreadcrumbList","@id":"http:\/\/www.citmapri.gob.cu\/?page_id=1655#breadcrumb","itemListElement":[{"@type":"ListItem","position":1,"name":"Portada","item":"http:\/\/www.citmapri.gob.cu\/"},{"@type":"ListItem","position":2,"name":"CITMATEL"}]},{"@type":"WebSite","@id":"http:\/\/www.citmapri.gob.cu\/#website","url":"http:\/\/www.citmapri.gob.cu\/","name":"CITMA PINAR DEL R\u00cdO","description":"DELEGACI\u00d3N TERRITORIAL","publisher":{"@id":"http:\/\/www.citmapri.gob.cu\/#organization"},"potentialAction":[{"@type":"SearchAction","target":{"@type":"EntryPoint","urlTemplate":"http:\/\/www.citmapri.gob.cu\/?s={search_term_string}"},"query-input":{"@type":"PropertyValueSpecification","valueRequired":true,"valueName":"search_term_string"}}],"inLanguage":"es"},{"@type":"Organization","@id":"http:\/\/www.citmapri.gob.cu\/#organization","name":"CITMA PINAR DEL R\u00cdO","url":"http:\/\/www.citmapri.gob.cu\/","logo":{"@type":"ImageObject","inLanguage":"es","@id":"http:\/\/www.citmapri.gob.cu\/#\/schema\/logo\/image\/","url":"http:\/\/www.citmapri.gob.cu\/wp-content\/uploads\/2019\/11\/citmapri-logo-cuba.png","contentUrl":"http:\/\/www.citmapri.gob.cu\/wp-content\/uploads\/2019\/11\/citmapri-logo-cuba.png","width":233,"height":80,"caption":"CITMA PINAR DEL R\u00cdO"},"image":{"@id":"http:\/\/www.citmapri.gob.cu\/#\/schema\/logo\/image\/"},"sameAs":["https:\/\/www.facebook.com\/citmapr"]}]}},"_links":{"self":[{"href":"http:\/\/www.citmapri.gob.cu\/index.php?rest_route=\/wp\/v2\/pages\/1655","targetHints":{"allow":["GET"]}}],"collection":[{"href":"http:\/\/www.citmapri.gob.cu\/index.php?rest_route=\/wp\/v2\/pages"}],"about":[{"href":"http:\/\/www.citmapri.gob.cu\/index.php?rest_route=\/wp\/v2\/types\/page"}],"author":[{"embeddable":true,"href":"http:\/\/www.citmapri.gob.cu\/index.php?rest_route=\/wp\/v2\/users\/1"}],"replies":[{"embeddable":true,"href":"http:\/\/www.citmapri.gob.cu\/index.php?rest_route=%2Fwp%2Fv2%2Fcomments&post=1655"}],"version-history":[{"count":0,"href":"http:\/\/www.citmapri.gob.cu\/index.php?rest_route=\/wp\/v2\/pages\/1655\/revisions"}],"wp:attachment":[{"href":"http:\/\/www.citmapri.gob.cu\/index.php?rest_route=%2Fwp%2Fv2%2Fmedia&parent=1655"}],"curies":[{"name":"wp","href":"https:\/\/api.w.org\/{rel}","templated":true}]}}